{"id":85,"date":"2016-01-20T08:49:44","date_gmt":"2016-01-20T08:49:44","guid":{"rendered":"http:\/\/wasser-wege-wissen.umh.es\/?page_id=85"},"modified":"2016-02-02T22:10:11","modified_gmt":"2016-02-02T22:10:11","slug":"11-marz","status":"publish","type":"page","link":"https:\/\/wasser-wege-wissen.umh.es\/en\/ii-congreso-wasser-wege-wissen\/programa\/11-marz\/","title":{"rendered":"11. M\u00e4rz"},"content":{"rendered":"<p><a href=\"https:\/\/wasser-wege-wissen.umh.es\/files\/2016\/02\/Programa_P\u00e1gina_2.jpg\"><img loading=\"lazy\" class=\"alignleft size-medium wp-image-91\" src=\"https:\/\/wasser-wege-wissen.umh.es\/files\/2016\/02\/Programa_P\u00e1gina_2-200x300.jpg\" alt=\"Programa_P\u00e1gina_2\" width=\"200\" height=\"300\" srcset=\"https:\/\/wasser-wege-wissen.umh.es\/files\/2016\/02\/Programa_P\u00e1gina_2-200x300.jpg 200w, https:\/\/wasser-wege-wissen.umh.es\/files\/2016\/02\/Programa_P\u00e1gina_2-683x1024.jpg 683w\" sizes=\"(max-width: 200px) 100vw, 200px\" \/><\/a>9:00h. Prof. Dr. Antonio Malpica Cuello: <em>Die Arten der Wassernutzung in den K\u00fcstenbergen Granadas im Fr\u00fchmittelalter \/ Las forma de uso del agua en espacios de la monta\u00f1a costera granadina en \u00e9poca medieval<\/em> (Universit\u00e4t Granada), Medi\u00e4vist.<\/p>\n<p>Diskussion \/ Debate<\/p>\n<p>9:45h. Prof. Dr. M\u00aa Isabel del Val Valdivieso: <em>Wasser im Kastilien des 15. <\/em><em>Jh. in den Chroniken und Ordonnanzen der St\u00e4dte \/ <\/em><em>El agua en la Castilla del siglo XV a trav\u00e9s de las cr\u00f3nicas y las ordenanzas urbanas<\/em> (Universit\u00e4t Valladolid) Medi\u00e4vist.<\/p>\n<p>Diskussion \/ Debate<\/p>\n<p>10:30h. Kaffee \/ Caf\u00e9<\/p>\n<p>11:00h. Francisco Abell\u00e1n Contreras: <em>Die Austrocknung, Sanierung und Kolonisation der sumpfigen Gel\u00e4nde. Der Vorschlag von Cardenal Belluga das Flussbecken von Segura betreffend \/ La desecaci\u00f3n, saneamiento y colonizaci\u00f3n de terrenos pantanosos. La propuesta del Cardenal Belluga en la cuenca fluvial del Segura <\/em>(Universit\u00e4t Alicante), Rechtshistoriker Stipendiat.<\/p>\n<p>Diskussion \/ Debate<\/p>\n<p>11:45h. Prof. Dr. Alberto Garc\u00eda Porras \/ Prof. Dr. Esteban Fern\u00e1ndez Navarro: <em>Wasserarchitektur \/ Arquitectura del agua<\/em> (Universit\u00e4t Granada), Kunsthistoriker<\/p>\n<p>Diskussion \/ Debate<\/p>\n<p>12:30h. Mittagspause \/ Pausa para el almuerzo<\/p>\n<p>15:00h. Dr. Eva Mart\u00edn L\u00f3pez \/ \u00c1ngel Rodr\u00edguez Aguilera: <em>Die acequia von Aynadamar &#8211; Modell f\u00fcr die Vernachl\u00e4ssigung von natinoalem Kulturgut \/ <\/em><em>La acequia de Aynadamar, paradigma de abandono patrimonial. Nuevos elementos para su estudio.<\/em> Archivar f\u00fcr die Real Chancilleria in Granada \/ Arch\u00e4ologe.<\/p>\n<p>Diskussion \/ Debate<\/p>\n<p>15:45h. Prof. Dr. Jos\u00e9 Antonio L\u00f3pez Nevot: <em>Die Ordonnanzen Granadas bzgl. Wasserrecht und ihre richterliche Anwendung\/ Las Ordenanzas de Aguas de Granada y su aplicaci\u00f3n judicial <\/em>(Universit\u00e4t Granada), Rechtshistoriker.<\/p>\n<p>Diskussion \/ Debate<\/p>\n<p>16:30h. Kaffee \/ Caf\u00e9<\/p>\n<p>17:00h. Prof. Dr. Jos\u00e9 Antonio P\u00e9rez Juan: <em>Abschlussdiskussion \/ Debate final- Conclusiones<\/em> (Universit\u00e4t Miguel Hern\u00e1ndez de Elche), Rechtshistoriker.<\/p>\n<p>17:45h. Prof. Dr. Ignacio Czeguhn (B-1-2): <em>Schlussworte \/ Clausura <\/em>(FU Berlin) Rechtshistoriker.<\/p>\n<p>20:00h. Gemeinsames Abschlussabendessen \/ Cena de clausura<\/p>","protected":false},"excerpt":{"rendered":"<p>9:00h. Prof. Dr. Antonio Malpica Cuello: Die Arten der Wassernutzung in den K\u00fcstenbergen Granadas im Fr\u00fchmittelalter \/ Las forma de uso del agua en espacios de la monta\u00f1a costera granadina en \u00e9poca medieval (Universit\u00e4t Granada), Medi\u00e4vist.<br \/>\nDiskussion \/ Debate<br \/>\n9:45h. Prof. Dr. M\u00aa Isabel del Val Valdivieso: Wasser im Kastilien des 15. Jh. in den Chroniken und [&#8230;]<\/p>\n","protected":false},"author":50,"featured_media":0,"parent":75,"menu_order":30,"comment_status":"closed","ping_status":"open","template":"","meta":{"_links_to":"","_links_to_target":""},"_links":{"self":[{"href":"https:\/\/wasser-wege-wissen.umh.es\/en\/wp-json\/wp\/v2\/pages\/85"}],"collection":[{"href":"https:\/\/wasser-wege-wissen.umh.es\/en\/wp-json\/wp\/v2\/pages"}],"about":[{"href":"https:\/\/wasser-wege-wissen.umh.es\/en\/wp-json\/wp\/v2\/types\/page"}],"author":[{"embeddable":true,"href":"https:\/\/wasser-wege-wissen.umh.es\/en\/wp-json\/wp\/v2\/users\/50"}],"replies":[{"embeddable":true,"href":"https:\/\/wasser-wege-wissen.umh.es\/en\/wp-json\/wp\/v2\/comments?post=85"}],"version-history":[{"count":0,"href":"https:\/\/wasser-wege-wissen.umh.es\/en\/wp-json\/wp\/v2\/pages\/85\/revisions"}],"up":[{"embeddable":true,"href":"https:\/\/wasser-wege-wissen.umh.es\/en\/wp-json\/wp\/v2\/pages\/75"}],"wp:attachment":[{"href":"https:\/\/wasser-wege-wissen.umh.es\/en\/wp-json\/wp\/v2\/media?parent=85"}],"curies":[{"name":"wp","href":"https:\/\/api.w.org\/{rel}","templated":true}]}}