{"id":84,"date":"2016-01-20T08:48:51","date_gmt":"2016-01-20T08:48:51","guid":{"rendered":"http:\/\/wasser-wege-wissen.umh.es\/?page_id=84"},"modified":"2016-02-02T22:09:36","modified_gmt":"2016-02-02T22:09:36","slug":"10-marz","status":"publish","type":"page","link":"https:\/\/wasser-wege-wissen.umh.es\/en\/ii-congreso-wasser-wege-wissen\/programa\/10-marz\/","title":{"rendered":"10. M\u00e4rz"},"content":{"rendered":"<p><a href=\"https:\/\/wasser-wege-wissen.umh.es\/files\/2016\/02\/Programa_P\u00e1gina_2.jpg\"><img loading=\"lazy\" class=\"alignleft size-medium wp-image-91\" src=\"https:\/\/wasser-wege-wissen.umh.es\/files\/2016\/02\/Programa_P\u00e1gina_2-200x300.jpg\" alt=\"Programa_P\u00e1gina_2\" width=\"200\" height=\"300\" srcset=\"https:\/\/wasser-wege-wissen.umh.es\/files\/2016\/02\/Programa_P\u00e1gina_2-200x300.jpg 200w, https:\/\/wasser-wege-wissen.umh.es\/files\/2016\/02\/Programa_P\u00e1gina_2-683x1024.jpg 683w\" sizes=\"(max-width: 200px) 100vw, 200px\" \/><\/a>9:00h. Prof. Dr. Magdalena Martinez Almira: <em>Die Zession der Nutzung am Wasserrecht in der Tradition der andalusichen Gesetzgebung \/ Cesi\u00f3n del derecho de uso sobre las aguas en la legislaci\u00f3n de tradici\u00f3n andalus\u00ed <\/em>(Universit\u00e4t Alicante), Rechtshistoriker<\/p>\n<p>Diskussion \/ Debate<\/p>\n<p>9:45h. Jorge Pay\u00e1 Sell\u00e9s: <em>R\u00f6mische Spuren und Hinweise der andalusischen Tradition bzgl. der Verwertung von Wasser in der cuenca del Montenegre \/ <\/em><em>Vestigios romanos y pervivencia de la tradici\u00f3n andalus\u00ed en el aprovechamiento h\u00eddrico de la cuenca del Montnegre (Levante Peninsular)<\/em> (Universit\u00e4t Alicante), Rechtshistoriker Stipendiat<\/p>\n<p>Diskussion \/ Debate<\/p>\n<p>10:30h. Kaffee \/ Caf\u00e9<\/p>\n<p>11:00h. Dr. Jonas Berking (A-3) \/ Dr. Sarah I\u00dfelhorst \/ Prof. Dr. Brigitta Sch\u00fctt (A) \/ Dr. Dietmar Roth: <em>Traditional water management, a case study from NE- Andalusia <\/em>(FU Berlin).<\/p>\n<p>Diskussion \/ Debate<\/p>\n<p>11:45h. Dr. Yolanda Quesada Morillas (B-1-2): <em>Die Bedeutung der notariellen Formulare f\u00fcr die Erforschung des Wasserrechts in der islamischen Epoche \/ La importancia de los formularios notariales para el conocimiento del Derecho de aguas en la \u00e9poca musulmana <\/em>(FU Berlin), Rechtshistorikerin.<\/p>\n<p>Diskussion \/ Debate<\/p>\n<p>12:30h. Mittagspause \/ Pausa para el almuerzo<\/p>\n<p>Besuch von Sehensw\u00fcrdigkeiten Berlins \/ Visita en barco de la ciudad de Berl\u00edn y centro hist\u00f3rico.<\/p>","protected":false},"excerpt":{"rendered":"<p>9:00h. Prof. Dr. Magdalena Martinez Almira: Die Zession der Nutzung am Wasserrecht in der Tradition der andalusichen Gesetzgebung \/ Cesi\u00f3n del derecho de uso sobre las aguas en la legislaci\u00f3n de tradici\u00f3n andalus\u00ed (Universit\u00e4t Alicante), Rechtshistoriker<br \/>\nDiskussion \/ Debate<br \/>\n9:45h. Jorge Pay\u00e1 Sell\u00e9s: R\u00f6mische Spuren und Hinweise der andalusischen Tradition bzgl. der Verwertung von Wasser in der [&#8230;]<\/p>\n","protected":false},"author":50,"featured_media":0,"parent":75,"menu_order":20,"comment_status":"closed","ping_status":"open","template":"","meta":{"_links_to":"","_links_to_target":""},"_links":{"self":[{"href":"https:\/\/wasser-wege-wissen.umh.es\/en\/wp-json\/wp\/v2\/pages\/84"}],"collection":[{"href":"https:\/\/wasser-wege-wissen.umh.es\/en\/wp-json\/wp\/v2\/pages"}],"about":[{"href":"https:\/\/wasser-wege-wissen.umh.es\/en\/wp-json\/wp\/v2\/types\/page"}],"author":[{"embeddable":true,"href":"https:\/\/wasser-wege-wissen.umh.es\/en\/wp-json\/wp\/v2\/users\/50"}],"replies":[{"embeddable":true,"href":"https:\/\/wasser-wege-wissen.umh.es\/en\/wp-json\/wp\/v2\/comments?post=84"}],"version-history":[{"count":0,"href":"https:\/\/wasser-wege-wissen.umh.es\/en\/wp-json\/wp\/v2\/pages\/84\/revisions"}],"up":[{"embeddable":true,"href":"https:\/\/wasser-wege-wissen.umh.es\/en\/wp-json\/wp\/v2\/pages\/75"}],"wp:attachment":[{"href":"https:\/\/wasser-wege-wissen.umh.es\/en\/wp-json\/wp\/v2\/media?parent=84"}],"curies":[{"name":"wp","href":"https:\/\/api.w.org\/{rel}","templated":true}]}}