{"id":83,"date":"2016-01-20T08:47:53","date_gmt":"2016-01-20T08:47:53","guid":{"rendered":"http:\/\/wasser-wege-wissen.umh.es\/?page_id=83"},"modified":"2016-02-02T22:08:57","modified_gmt":"2016-02-02T22:08:57","slug":"9-marz","status":"publish","type":"page","link":"https:\/\/wasser-wege-wissen.umh.es\/en\/ii-congreso-wasser-wege-wissen\/programa\/9-marz\/","title":{"rendered":"9. M\u00e4rz"},"content":{"rendered":"<p><a href=\"https:\/\/wasser-wege-wissen.umh.es\/files\/2016\/02\/Promama-9-3.jpg\"><img loading=\"lazy\" class=\"alignleft size-medium wp-image-90\" src=\"https:\/\/wasser-wege-wissen.umh.es\/files\/2016\/02\/Promama-9-3-200x300.jpg\" alt=\"Promama 9-3\" width=\"200\" height=\"300\" srcset=\"https:\/\/wasser-wege-wissen.umh.es\/files\/2016\/02\/Promama-9-3-200x300.jpg 200w, https:\/\/wasser-wege-wissen.umh.es\/files\/2016\/02\/Promama-9-3-683x1024.jpg 683w\" sizes=\"(max-width: 200px) 100vw, 200px\" \/><\/a>9:30h. Er\u00f6ffnung \/ Inauguraci\u00f3n<a href=\"https:\/\/wasser-wege-wissen.umh.es\/files\/2016\/02\/Promama-9-3.jpg\"><br \/>\n<\/a>10:00h. Prof. Dr. Cosima M\u00f6ller (B-1-4): <em>Der Schutz der Wassernutzung im R\u00f6mischen Recht \/ La tutela del uso de aguas en el Derecho Romano<\/em> (FU Berlin), Romanistin.<\/p>\n<p>Diskussion \/ Debate<\/p>\n<p>10:45h. Kaffee \/ Caf\u00e9<\/p>\n<p>11:15h. Prof. Dr. Francisco Beltr\u00e1n Lloris: <em>Probleme im Zusammenhang mit Wasser im R\u00f6mischen Hispanien \/ Problemas relativos al agua en la Hispania romana<\/em> (Universit\u00e4t Zaragoza), Althistoriker.<\/p>\n<p>Diskussion \/ Debate<\/p>\n<p>12:00h. Prof. Dr. Emma Montanos Ferr\u00edn: <em>Insula quae in mari nascitur\u00a0<\/em>e\u00a0<em>insula in flumine nata<\/em> (Universit\u00e4t A Coru\u00f1a), Rechtshistoriker.<\/p>\n<p>Diskussion \/ Debate<\/p>\n<p>12:45h. Mittagspause \/ Pausa para el almuerzo<\/p>\n<p>15:00h. Prof. Dr. Stefan Esders (B-1-3): <em>Vandalen, R\u00f6mer un<\/em><em>d Goten: Prokop und die S\u00e4ulen des Herakles \/ Vandalos, Romanos y Godos: Prokop y las columnas de Herakles<\/em>, (FU Berlin) Althistoriker.<\/p>\n<p>Diskussion \/ Debate<\/p>\n<p>15:45h. Prof. Dr. Pepa Castillo Pascual \/ Dr. Pilar Igu\u00e1cel de la Cruz: <em>Befahrbare Fl\u00fcsse und r\u00f6mische Stra\u00dfen auf der iberischen Halbinsel: die atlantische Fassade \/ R\u00edos navegables y calzadas romanas en la Pen\u00ednsula Ib\u00e9rica: la fachada atl\u00e1ntica<\/em> (Universit\u00e4t La Rioja), Althistoriker \/ Labrys Arqueolog\u00eda<\/p>\n<p>Diskussion \/ Debate<\/p>\n<p>16:30h. Kaffee \/ Caf\u00e9<\/p>","protected":false},"excerpt":{"rendered":"<p>9:30h. Er\u00f6ffnung \/ Inauguraci\u00f3n<br \/>\n10:00h. Prof. Dr. Cosima M\u00f6ller (B-1-4): Der Schutz der Wassernutzung im R\u00f6mischen Recht \/ La tutela del uso de aguas en el Derecho Romano (FU Berlin), Romanistin.<br \/>\nDiskussion \/ Debate<br \/>\n10:45h. Kaffee \/ Caf\u00e9<br \/>\n11:15h. Prof. Dr. Francisco Beltr\u00e1n Lloris: Probleme im Zusammenhang mit Wasser im R\u00f6mischen Hispanien \/ Problemas relativos al agua en la [&#8230;]<\/p>\n","protected":false},"author":50,"featured_media":0,"parent":75,"menu_order":10,"comment_status":"closed","ping_status":"open","template":"","meta":{"_links_to":"","_links_to_target":""},"_links":{"self":[{"href":"https:\/\/wasser-wege-wissen.umh.es\/en\/wp-json\/wp\/v2\/pages\/83"}],"collection":[{"href":"https:\/\/wasser-wege-wissen.umh.es\/en\/wp-json\/wp\/v2\/pages"}],"about":[{"href":"https:\/\/wasser-wege-wissen.umh.es\/en\/wp-json\/wp\/v2\/types\/page"}],"author":[{"embeddable":true,"href":"https:\/\/wasser-wege-wissen.umh.es\/en\/wp-json\/wp\/v2\/users\/50"}],"replies":[{"embeddable":true,"href":"https:\/\/wasser-wege-wissen.umh.es\/en\/wp-json\/wp\/v2\/comments?post=83"}],"version-history":[{"count":0,"href":"https:\/\/wasser-wege-wissen.umh.es\/en\/wp-json\/wp\/v2\/pages\/83\/revisions"}],"up":[{"embeddable":true,"href":"https:\/\/wasser-wege-wissen.umh.es\/en\/wp-json\/wp\/v2\/pages\/75"}],"wp:attachment":[{"href":"https:\/\/wasser-wege-wissen.umh.es\/en\/wp-json\/wp\/v2\/media?parent=83"}],"curies":[{"name":"wp","href":"https:\/\/api.w.org\/{rel}","templated":true}]}}