{"id":81,"date":"2016-01-20T08:43:34","date_gmt":"2016-01-20T08:43:34","guid":{"rendered":"http:\/\/wasser-wege-wissen.umh.es\/?page_id=81"},"modified":"2016-02-02T21:58:37","modified_gmt":"2016-02-02T21:58:37","slug":"relacion-de-ponentes","status":"publish","type":"page","link":"https:\/\/wasser-wege-wissen.umh.es\/en\/ii-congreso-wasser-wege-wissen\/ponentes\/relacion-de-ponentes\/","title":{"rendered":"List of participants"},"content":{"rendered":"<p><\/p>\n<ul>\n<li>ANTONIO MALPICA CUELLO (Universit\u00e4t Granada), Medi\u00e4vist<\/li>\n<li><span style=\"line-height: 1.5\">EMMA MONTANOS FERR\u00cdN (Universit\u00e4t Granada), Rechtshistorike<\/span><\/li>\n<li><span style=\"line-height: 1.5\">FRANCISCO BELTR\u00c1N LLORIS (Universit\u00e4t Zaragoza), Althistoriker\u00a0<\/span><\/li>\n<li><span style=\"line-height: 1.5\">ESTEBAN FERN\u00c1NDEZ NAVARRO\/ ALBERTO PORRAS (Universit\u00e4t Granada), Kunsthistoriker<\/span><\/li>\n<li><span style=\"line-height: 1.5\">PEPA CASTILLO PASCUAL \/ PILAR IGU\u00c1CEL DE LA CRUZ (Universit\u00e4t La Rioja), Althistoriker \/ Labrys Arqueolog\u00ed<\/span><\/li>\n<li><span style=\"line-height: 1.5\">MAGDALENA MARTINEZ ALMIRA,(Universit\u00e4t Alicante), Rechtshistoriker<\/span><\/li>\n<li><span style=\"line-height: 1.5\">EVA MART\u00cdN L\u00d3PEZ \/ \u00c1NGEL RODR\u00cdGUEZ AGUILERA, Archivar f\u00fcr die Real Chancilleria in Granada \/ Arch\u00e4ologe<\/span><\/li>\n<li><span style=\"line-height: 1.5\">JOS\u00c9 ANTONIO L\u00d3PEZ NEVOT (Universit\u00e4t Granada), Rechtshistoriker<\/span><\/li>\n<li><span style=\"line-height: 1.5\">JOS\u00c9 ANTONIO P\u00c9REZ JUAN (Universit\u00e4t Elche), Rechtshistoriker<\/span><\/li>\n<li><span style=\"line-height: 1.5\">JONAS BERKING \/ SARAH \u00a0I\u00dfELHORST\/ BRIGITTA SCH\u00dcTT \/ DR. DIETMAR ROTH (FU Berlin)<\/span><\/li>\n<li><span style=\"line-height: 1.5\">COSIMA M\u00d6LLER (FU Berlin), Romanistin.<\/span><\/li>\n<li><span style=\"line-height: 1.5\">YOLANDA QUESADA MORILLAS (FU Berlin), Rechtshistorikerin.<\/span><\/li>\n<li><span style=\"line-height: 1.5\">STEFAN ESDERS (FU Berlin) Althistoriker<\/span><\/li>\n<li><span style=\"line-height: 1.5\">FRANCISCO \u00a0ABELL\u00c1N CONTRERAS (Universit\u00e4t Alicante), Rechtshistoriker Stipendiat<\/span><\/li>\n<li><span style=\"line-height: 1.5\">JORGE PAY\u00c1 SELL\u00c9SUniversit\u00e4t Alicante), Rechtshistoriker Stipendiat<\/span><\/li>\n<li><span style=\"line-height: 1.5\">M\u00aa ISABEL DEL VAL VALDIVIESO (Universit\u00e4t Valladolid) Medi\u00e4vist.<\/span><\/li>\n<\/ul>\n<p><\/p>","protected":false},"excerpt":{"rendered":"<p>ANTONIO MALPICA CUELLO (Universit\u00e4t Granada), Medi\u00e4vist<br \/>\nEMMA MONTANOS FERR\u00cdN (Universit\u00e4t Granada), Rechtshistorike<br \/>\nFRANCISCO BELTR\u00c1N LLORIS (Universit\u00e4t Zaragoza), Althistoriker\u00a0<br \/>\nESTEBAN FERN\u00c1NDEZ NAVARRO\/ ALBERTO PORRAS (Universit\u00e4t Granada), Kunsthistoriker<br \/>\nPEPA CASTILLO PASCUAL \/ PILAR IGU\u00c1CEL DE LA CRUZ (Universit\u00e4t La Rioja), Althistoriker \/ Labrys Arqueolog\u00ed<br \/>\nMAGDALENA MARTINEZ ALMIRA,(Universit\u00e4t Alicante), Rechtshistoriker<br \/>\nEVA MART\u00cdN L\u00d3PEZ \/ \u00c1NGEL RODR\u00cdGUEZ AGUILERA, Archivar f\u00fcr die Real Chancilleria in Granada [&#8230;]<\/p>\n","protected":false},"author":50,"featured_media":0,"parent":78,"menu_order":0,"comment_status":"closed","ping_status":"open","template":"","meta":{"_links_to":"","_links_to_target":""},"_links":{"self":[{"href":"https:\/\/wasser-wege-wissen.umh.es\/en\/wp-json\/wp\/v2\/pages\/81"}],"collection":[{"href":"https:\/\/wasser-wege-wissen.umh.es\/en\/wp-json\/wp\/v2\/pages"}],"about":[{"href":"https:\/\/wasser-wege-wissen.umh.es\/en\/wp-json\/wp\/v2\/types\/page"}],"author":[{"embeddable":true,"href":"https:\/\/wasser-wege-wissen.umh.es\/en\/wp-json\/wp\/v2\/users\/50"}],"replies":[{"embeddable":true,"href":"https:\/\/wasser-wege-wissen.umh.es\/en\/wp-json\/wp\/v2\/comments?post=81"}],"version-history":[{"count":0,"href":"https:\/\/wasser-wege-wissen.umh.es\/en\/wp-json\/wp\/v2\/pages\/81\/revisions"}],"up":[{"embeddable":true,"href":"https:\/\/wasser-wege-wissen.umh.es\/en\/wp-json\/wp\/v2\/pages\/78"}],"wp:attachment":[{"href":"https:\/\/wasser-wege-wissen.umh.es\/en\/wp-json\/wp\/v2\/media?parent=81"}],"curies":[{"name":"wp","href":"https:\/\/api.w.org\/{rel}","templated":true}]}}