{"id":74,"date":"2016-01-12T09:42:01","date_gmt":"2016-01-12T09:42:01","guid":{"rendered":"http:\/\/wasser-wege-wissen.umh.es\/?page_id=74"},"modified":"2021-11-23T11:58:27","modified_gmt":"2021-11-23T10:58:27","slug":"ii-congreso-wasser-wege-wissen","status":"publish","type":"page","link":"https:\/\/wasser-wege-wissen.umh.es\/en\/ii-congreso-wasser-wege-wissen\/","title":{"rendered":"II International Meeting Wasser-Wege-Wissen 2016-Berl\u00edn"},"content":{"rendered":"<p><\/p>\n<p style=\"text-align: justify\">The Second International Meeting\u00a0\u00a0<em><strong>Wasser \u2013 Wege \u2013 Wissen auf der iberischen Halbinsel\u00a0vom R\u00f6mischen Imperium bis zur muselmanischen Herrschaft\/\u00a0<\/strong><\/em><strong>Agua, v\u00edas, conocimientos en la Pen\u00ednsula Ib\u00e9rica\u00a0desde el Imperio Romano<\/strong> <strong>hasta el poder musulm\u00e1n\u00a0<\/strong>will be held at the <strong><a href=\"http:\/\/berlin.cervantes.es\/de\/default.shtm\">Cervantes Institute in Berlin<\/a> <\/strong>on days 8-12 March 2016. At this meeting the water study will be addressed in the old, Roman, Visigoth and Moorish times, analyzing their structural and architectural development and its regime legal, jurisdiction and economic development, among other issues.<\/p>\n<ul>\n<li>\n<h4><strong><a href=\"https:\/\/wasser-wege-wissen.umh.es\/en\/ii-congreso-wasser-wege-wissen\/programa\/\">Program<\/a><\/strong><\/h4>\n<\/li>\n<li>\n<h4><strong><a href=\"https:\/\/wasser-wege-wissen.umh.es\/en\/ii-congreso-wasser-wege-wissen\/comite\/\">Commite<\/a><\/strong><\/h4>\n<\/li>\n<li>\n<h4><strong><a href=\"https:\/\/wasser-wege-wissen.umh.es\/en\/ii-congreso-wasser-wege-wissen\/ponentes\/\">Researchers<\/a><\/strong><\/h4>\n<\/li>\n<li>\n<h4><strong><a href=\"https:\/\/wasser-wege-wissen.umh.es\/en\/ii-congreso-wasser-wege-wissen\/alojamiento\/\">Acommodation<\/a><\/strong><\/h4>\n<\/li>\n<\/ul>\n<h4 style=\"text-align: right\"><a href=\"https:\/\/wasser-wege-wissen.umh.es\/files\/2016\/02\/Acueducto.jpg\"><img loading=\"lazy\" class=\"alignleft size-thumbnail wp-image-93\" src=\"https:\/\/wasser-wege-wissen.umh.es\/files\/2016\/02\/Acueducto-150x150.jpg\" alt=\"Acueducto\" width=\"150\" height=\"150\" \/><\/a><a href=\"https:\/\/wasser-wege-wissen.umh.es\/files\/2016\/02\/Acequia.jpg\"><img loading=\"lazy\" class=\"alignleft size-thumbnail wp-image-92\" src=\"https:\/\/wasser-wege-wissen.umh.es\/files\/2016\/02\/Acequia-150x150.jpg\" alt=\"Acequia\" width=\"150\" height=\"150\" \/><\/a><a href=\"https:\/\/wasser-wege-wissen.umh.es\/files\/2016\/02\/Vista.jpg\"><img loading=\"lazy\" class=\"alignleft size-thumbnail wp-image-95\" src=\"https:\/\/wasser-wege-wissen.umh.es\/files\/2016\/02\/Vista-150x150.jpg\" alt=\"Vista\" width=\"150\" height=\"150\" \/><\/a>\u00a0 \u00a0 \u00a0 \u00a0 \u00a0 \u00a0 \u00a0 \u00a0 \u00a0 \u00a0 \u00a0 \u00a0 \u00a0 \u00a0 \u00a0 \u00a0 \u00a0 \u00a0 \u00a0 \u00a0 \u00a0 \u00a0 \u00a0 \u00a0 \u00a0 \u00a0 \u00a0 \u00a0 \u00a0 \u00a0 \u00a0<strong>\u00a0 \u00a0 \u00a0 \u00a0 \u00a0 \u00a0 \u00a0 \u00a0 \u00a0 \u00a0 \u00a0 \u00a0 \u00a0 \u00a0 \u00a0 \u00a0 \u00a0 \u00a0 \u00a0 \u00a0 \u00a0 \u00a0 \u00a0 \u00a0 \u00a0 \u00a0 \u00a0 \u00a0 \u00a0 \u00a0 \u00a0 \u00a0 \u00a0 \u00a0 \u00a0 \u00a0 \u00a0 \u00a0 \u00a0 \u00a0 \u00a0 \u00a0 \u00a0 \u00a0 \u00a0 \u00a0 \u00a0 \u00a0 \u00a0 \u00a0 \u00a0 \u00a0 \u00a0 \u00a0 \u00a0 \u00a0 \u00a0 \u00a0 \u00a0 \u00a0 \u00a0 \u00a0 \u00a0 \u00a0 \u00a0 \u00a0 \u00a0 \u00a0 \u00a0 \u00a0 \u00a0 \u00a0 \u00a0<\/strong><\/h4>\n<p><a href=\"https:\/\/wasser-wege-wissen.umh.es\/files\/2014\/03\/logo_topoi.jpg\"><img loading=\"lazy\" class=\"alignleft size-medium wp-image-49\" src=\"https:\/\/wasser-wege-wissen.umh.es\/files\/2014\/03\/logo_topoi-300x103.jpg\" alt=\"logo_topoi\" width=\"300\" height=\"103\" srcset=\"https:\/\/wasser-wege-wissen.umh.es\/files\/2014\/03\/logo_topoi-300x103.jpg 300w, https:\/\/wasser-wege-wissen.umh.es\/files\/2014\/03\/logo_topoi.jpg 315w\" sizes=\"(max-width: 300px) 100vw, 300px\" \/><\/a><a href=\"https:\/\/wasser-wege-wissen.umh.es\/files\/2016\/02\/Instituto_Cervantes_Logo.png\"><img loading=\"lazy\" class=\"alignleft size-thumbnail wp-image-96\" src=\"https:\/\/wasser-wege-wissen.umh.es\/files\/2016\/02\/Instituto_Cervantes_Logo-150x150.png\" alt=\"Instituto_Cervantes_Logo\" width=\"150\" height=\"150\" \/><\/a><\/p>","protected":false},"excerpt":{"rendered":"<p>The Second International Meeting\u00a0\u00a0Wasser \u2013 Wege \u2013 Wissen auf der iberischen Halbinsel\u00a0vom R\u00f6mischen Imperium bis zur muselmanischen Herrschaft\/\u00a0Agua, v\u00edas, conocimientos en la Pen\u00ednsula Ib\u00e9rica\u00a0desde el Imperio Romano hasta el poder musulm\u00e1n\u00a0will be held at the Cervantes Institute in Berlin on days 8-12 March 2016. At this meeting the water study will be addressed in the [&#8230;]<\/p>\n","protected":false},"author":50,"featured_media":0,"parent":0,"menu_order":20,"comment_status":"closed","ping_status":"open","template":"","meta":{"_links_to":"","_links_to_target":""},"_links":{"self":[{"href":"https:\/\/wasser-wege-wissen.umh.es\/en\/wp-json\/wp\/v2\/pages\/74"}],"collection":[{"href":"https:\/\/wasser-wege-wissen.umh.es\/en\/wp-json\/wp\/v2\/pages"}],"about":[{"href":"https:\/\/wasser-wege-wissen.umh.es\/en\/wp-json\/wp\/v2\/types\/page"}],"author":[{"embeddable":true,"href":"https:\/\/wasser-wege-wissen.umh.es\/en\/wp-json\/wp\/v2\/users\/50"}],"replies":[{"embeddable":true,"href":"https:\/\/wasser-wege-wissen.umh.es\/en\/wp-json\/wp\/v2\/comments?post=74"}],"version-history":[{"count":0,"href":"https:\/\/wasser-wege-wissen.umh.es\/en\/wp-json\/wp\/v2\/pages\/74\/revisions"}],"wp:attachment":[{"href":"https:\/\/wasser-wege-wissen.umh.es\/en\/wp-json\/wp\/v2\/media?parent=74"}],"curies":[{"name":"wp","href":"https:\/\/api.w.org\/{rel}","templated":true}]}}