{"id":72,"date":"2016-01-12T09:37:06","date_gmt":"2016-01-12T09:37:06","guid":{"rendered":"http:\/\/wasser-wege-wissen.umh.es\/?page_id=72"},"modified":"2017-01-25T08:30:51","modified_gmt":"2017-01-25T08:30:51","slug":"i-congreso-wasser-wege-wissen","status":"publish","type":"page","link":"https:\/\/wasser-wege-wissen.umh.es\/en\/i-congreso-wasser-wege-wissen\/","title":{"rendered":"I International Meeting Wasser-Wege-Wissen 2014-Elche (Alicante)"},"content":{"rendered":"<p><\/p>\n<p style=\"text-align: justify\">The firts International Meeting\u00a0\u00a0<em><strong>Wasser \u2013 Wege \u2013 Wissen auf der iberischen Halbinsel\u00a0vom R\u00f6mischen Imperium bis zur muselmanischen Herrschaft\/\u00a0<\/strong><\/em><strong>Agua, v\u00edas, conocimientos en la Pen\u00ednsula Ib\u00e9rica\u00a0desde el Imperio Romano<\/strong> <strong>hasta el poder musulm\u00e1n<\/strong> se celebrar\u00e1 en el <a href=\"http:\/\/elcheconventionbureau.com\/espacios\/congresos\/centre-de-congresos-ciutat-delx\/\">Centro de Congresos Ciudad de Elche <\/a>durante los d\u00edas 20 a 23 de mayo de 2014. En este encuentro\u00a0se abordar\u00e1 el\u00a0estudio del agua en la \u00e9poca antigua, romana, visigoda y musulmana, analizando su desarrollo estructural y arquitect\u00f3nico, as\u00ed como su r\u00e9gimen jur\u00eddico, jurisdicci\u00f3n y desarrollo econ\u00f3mico, entre otras cuestiones.<\/p>\n<ul>\n<li>\n<h4><strong><a href=\"https:\/\/wasser-wege-wissen.umh.es\/en\/i-congreso-wasser-wege-wissen\/programa\/\">Program<\/a><\/strong><\/h4>\n<\/li>\n<li>\n<h4><strong><a href=\"https:\/\/wasser-wege-wissen.umh.es\/en\/i-congreso-wasser-wege-wissen\/comite\/\">Commitee<\/a><\/strong><\/h4>\n<\/li>\n<li>\n<h4><strong><a href=\"https:\/\/wasser-wege-wissen.umh.es\/en\/i-congreso-wasser-wege-wissen\/ponentes\/\">Researcher<\/a><\/strong><\/h4>\n<\/li>\n<li>\n<h4><strong><a href=\"https:\/\/wasser-wege-wissen.umh.es\/en\/i-congreso-wasser-wege-wissen\/alojamiento\/\">Acommodation<\/a><\/strong><\/h4>\n<\/li>\n<\/ul>\n<p><a href=\"https:\/\/wasser-wege-wissen.umh.es\/files\/2014\/03\/logo_topoi.jpg\"><img loading=\"lazy\" class=\"alignleft size-medium wp-image-49\" src=\"https:\/\/wasser-wege-wissen.umh.es\/files\/2014\/03\/logo_topoi-300x103.jpg\" alt=\"logo_topoi\" width=\"300\" height=\"103\" srcset=\"https:\/\/wasser-wege-wissen.umh.es\/files\/2014\/03\/logo_topoi-300x103.jpg 300w, https:\/\/wasser-wege-wissen.umh.es\/files\/2014\/03\/logo_topoi.jpg 315w\" sizes=\"(max-width: 300px) 100vw, 300px\" \/><\/a><\/p>","protected":false},"excerpt":{"rendered":"<p>The firts International Meeting\u00a0\u00a0Wasser \u2013 Wege \u2013 Wissen auf der iberischen Halbinsel\u00a0vom R\u00f6mischen Imperium bis zur muselmanischen Herrschaft\/\u00a0Agua, v\u00edas, conocimientos en la Pen\u00ednsula Ib\u00e9rica\u00a0desde el Imperio Romano hasta el poder musulm\u00e1n se celebrar\u00e1 en el Centro de Congresos Ciudad de Elche durante los d\u00edas 20 a 23 de mayo de 2014. En este encuentro\u00a0se abordar\u00e1 [&#8230;]<\/p>\n","protected":false},"author":50,"featured_media":0,"parent":0,"menu_order":30,"comment_status":"closed","ping_status":"open","template":"","meta":{"_links_to":"","_links_to_target":""},"_links":{"self":[{"href":"https:\/\/wasser-wege-wissen.umh.es\/en\/wp-json\/wp\/v2\/pages\/72"}],"collection":[{"href":"https:\/\/wasser-wege-wissen.umh.es\/en\/wp-json\/wp\/v2\/pages"}],"about":[{"href":"https:\/\/wasser-wege-wissen.umh.es\/en\/wp-json\/wp\/v2\/types\/page"}],"author":[{"embeddable":true,"href":"https:\/\/wasser-wege-wissen.umh.es\/en\/wp-json\/wp\/v2\/users\/50"}],"replies":[{"embeddable":true,"href":"https:\/\/wasser-wege-wissen.umh.es\/en\/wp-json\/wp\/v2\/comments?post=72"}],"version-history":[{"count":0,"href":"https:\/\/wasser-wege-wissen.umh.es\/en\/wp-json\/wp\/v2\/pages\/72\/revisions"}],"wp:attachment":[{"href":"https:\/\/wasser-wege-wissen.umh.es\/en\/wp-json\/wp\/v2\/media?parent=72"}],"curies":[{"name":"wp","href":"https:\/\/api.w.org\/{rel}","templated":true}]}}