{"id":51,"date":"2014-03-11T13:38:49","date_gmt":"2014-03-11T13:38:49","guid":{"rendered":"http:\/\/wasser-wege-wissen.umh.es\/?page_id=51"},"modified":"2014-03-21T12:58:50","modified_gmt":"2014-03-21T12:58:50","slug":"informacion-ponentes","status":"publish","type":"page","link":"https:\/\/wasser-wege-wissen.umh.es\/en\/i-congreso-wasser-wege-wissen\/ponentes\/informacion-ponentes\/","title":{"rendered":"Information for Researches"},"content":{"rendered":"<p><\/p>\n<p style=\"text-align: justify\"><em><strong>Informaci\u00f3n b\u00e1sica para ponentes:<\/strong><\/em><\/p>\n<p style=\"text-align: justify\">Los participantes en el Congreso \u00a0deben gestionarse personalmente el viaje a la ciudad de Elche (provincia de Alicante, Espa\u00f1a), sede del encuentro, especialmente aquellos que deban volar en avi\u00f3n, entendiendo que normalmente si se obtiene con antelaci\u00f3n el coste econ\u00f3mico es menor.<\/p>\n<p style=\"text-align: justify\">Les rogamos que, cuando lo tengan, nos indiquen su itinerario de viaje, particularmente cuando llegan y salen de Elche, para poder organizar su recogida, hospedaje y traslado posterior. Pueden hacerlo v\u00eda e-mail a\u00a0<a title=\"Email von \" href=\"mailto:yolanda.morillas@topoi.org\" target=\"_blank\">yolanda.morillas@topoi.org<\/a>.<\/p>\n<p style=\"text-align: justify\">Por otra parte, para el pago de las dietas de viaje se les facilitar\u00e1 un documento durante los d\u00edas de celebraci\u00f3n del encuentro que deber\u00e1n cumplimentar con sus datos bancarios y enviar junto con las facturas de transporte y tarjetas de embarque y\/o ticket de tren, autob\u00fas, taxis, etc. una vez concluida la vuelta a una direcci\u00f3n que se les facilitar\u00e1. No olviden que la normativa bancaria actual requiere para las transacciones econ\u00f3micas indicar el IBAN y el BIC (SWIF) de las correspondientes cuentas bancarias.<\/p>\n<p style=\"text-align: justify\"><em><strong>Circulares a los ponentes:<\/strong><\/em><\/p>\n<p style=\"text-align: justify\">Es necesario, para el buen funcionamiento y desarrollo del Congreso que cuenta con interpretaci\u00f3n simult\u00e1nea (alem\u00e1n-espa\u00f1ol \/ espa\u00f1ol-alem\u00e1n), env\u00eden sus ponencias para facilitar la labor de los traductores-interpretes\u00a0<strong>antes del 1 de abril de 2014<\/strong>\u00a0a\u00a0<a title=\"Email von \" href=\"mailto:yolanda.morillas@topoi.org\" target=\"_blank\">yolanda.morillas@topoi.org<\/a>.<\/p>\n<p style=\"text-align: justify\">Para la publicaci\u00f3n del Congreso tendremos otro plazo adicional de entrega de las ponencias hasta el 15 de septiembre de 2014.<\/p>\n<p style=\"text-align: justify\"><a href=\"http:\/\/www.topoi.org\/\"><img loading=\"lazy\" class=\"aligncenter size-full wp-image-49\" alt=\"logo_topoi\" src=\"https:\/\/wasser-wege-wissen.umh.es\/files\/2014\/03\/logo_topoi.jpg\" width=\"315\" height=\"109\" srcset=\"https:\/\/wasser-wege-wissen.umh.es\/files\/2014\/03\/logo_topoi.jpg 315w, https:\/\/wasser-wege-wissen.umh.es\/files\/2014\/03\/logo_topoi-300x103.jpg 300w\" sizes=\"(max-width: 315px) 100vw, 315px\" \/><\/a><\/p>\n<p><\/p>","protected":false},"excerpt":{"rendered":"<p>Informaci\u00f3n b\u00e1sica para ponentes:<br \/>\nLos participantes en el Congreso \u00a0deben gestionarse personalmente el viaje a la ciudad de Elche (provincia de Alicante, Espa\u00f1a), sede del encuentro, especialmente aquellos que deban volar en avi\u00f3n, entendiendo que normalmente si se obtiene con antelaci\u00f3n el coste econ\u00f3mico es menor.<br \/>\nLes rogamos que, cuando lo tengan, nos indiquen su itinerario de [&#8230;]<\/p>\n","protected":false},"author":50,"featured_media":0,"parent":47,"menu_order":20,"comment_status":"closed","ping_status":"open","template":"","meta":{"_links_to":"","_links_to_target":""},"_links":{"self":[{"href":"https:\/\/wasser-wege-wissen.umh.es\/en\/wp-json\/wp\/v2\/pages\/51"}],"collection":[{"href":"https:\/\/wasser-wege-wissen.umh.es\/en\/wp-json\/wp\/v2\/pages"}],"about":[{"href":"https:\/\/wasser-wege-wissen.umh.es\/en\/wp-json\/wp\/v2\/types\/page"}],"author":[{"embeddable":true,"href":"https:\/\/wasser-wege-wissen.umh.es\/en\/wp-json\/wp\/v2\/users\/50"}],"replies":[{"embeddable":true,"href":"https:\/\/wasser-wege-wissen.umh.es\/en\/wp-json\/wp\/v2\/comments?post=51"}],"version-history":[{"count":0,"href":"https:\/\/wasser-wege-wissen.umh.es\/en\/wp-json\/wp\/v2\/pages\/51\/revisions"}],"up":[{"embeddable":true,"href":"https:\/\/wasser-wege-wissen.umh.es\/en\/wp-json\/wp\/v2\/pages\/47"}],"wp:attachment":[{"href":"https:\/\/wasser-wege-wissen.umh.es\/en\/wp-json\/wp\/v2\/media?parent=51"}],"curies":[{"name":"wp","href":"https:\/\/api.w.org\/{rel}","templated":true}]}}