{"id":50,"date":"2014-03-11T13:36:39","date_gmt":"2014-03-11T13:36:39","guid":{"rendered":"http:\/\/wasser-wege-wissen.umh.es\/?page_id=50"},"modified":"2014-03-25T19:27:13","modified_gmt":"2014-03-25T19:27:13","slug":"ponentes-2","status":"publish","type":"page","link":"https:\/\/wasser-wege-wissen.umh.es\/en\/i-congreso-wasser-wege-wissen\/ponentes\/ponentes-2\/","title":{"rendered":"List of Participants"},"content":{"rendered":"<p><\/p>\n<ul>\n<li>Prof. Dra.\u00a0<b>Cosima M\u00f6ller<\/b>\u00a0(B-1-4),\u00a0(FU Berlin), Romanistin.<\/li>\n<li>Prof. Dr.\u00a0<b>Francisco Beltran Lloriz,\u00a0<\/b>(Universit\u00e4t Zaragoza), Althistoriker.<\/li>\n<li>Dr.\u00a0<b>Manfred G. Schmidt<\/b>\u00a0(B-1-5),\u00a0<i>\u00a0<\/i>\u00a0(BBAW), Althistoriker<\/li>\n<li>Prof. Dr.\u00a0<b>Pepa Castillo Pascual,\u00a0<\/b>\u00a0(Universit\u00e4t La Rioja), Althistoriker.<\/li>\n<li>D.<b>\u00a0Hans Kopp<\/b>\u00a0(B-1-1):\u00a0(FU Berlin), Doktorand Alte Geschichte.<\/li>\n<li>D.<b>\u00a0Christoph Resch<\/b>\u00a0(A-3-4)\u00a0<i>\u00a0<\/i>(FU Berl\u00edn)<\/li>\n<li>D.<b>\u00a0Jonas Berking<\/b>\u00a0(A-3) \/\u00a0<b>Brian Beckers<\/b>\u00a0(A-3),<i>\u00a0<\/i>(FU Berlin), Geographische Wissenschaften.<\/li>\n<li>Prof. Dr.\u00a0<b>Antonio Malpica Cuello,<\/b><i>\u00a0<\/i>(Universit\u00e4t Granada), Medi\u00e4vist.<\/li>\n<li>Prof. Dr.<strong>\u00a0Jos\u00e9 Antonio P\u00e9rez Juan<\/strong>, (Universit\u00e4t Elche), Rechtshistoriker.<\/li>\n<li>Profs. Drs.\u00a0<b>Alberto Garc\u00eda Porras \/ Esteban Fern\u00e1ndez Navarro,<\/b>\u00a0(Universit\u00e4t Granada), Kunsthistoriker.<\/li>\n<li>Prof. Dr.\u00a0<b>Enric Guinot I Rodr\u00edguez<\/b>,<i>\u00a0<\/i>(Universit\u00e4t Valencia), Medi\u00e4vist.<\/li>\n<li>D.<b>\u00a0Javier Pastor<\/b>, Anwalt am Wassergericht Valencia.<\/li>\n<li>Prof. D.\u00a0<b>Luis Pablo Mart\u00ednez,\u00a0<\/b>(Historiador y Antrop\u00f3logo) Inspector de Patrimonio Mueble de la Generalitat Valenciana<\/li>\n<li>Prof. Dr.\u00a0<b>Josep Torr\u00f3 Abad,<\/b>\u00a0(Universit\u00e4t Valencia), Medi\u00e4vist.<\/li>\n<li>Prof. Dr.\u00a0<b>Enrique \u00c1lvarez Cora<\/b>:\u00a0(Universit\u00e4t Murcia), Rechtshistoriker.<\/li>\n<li>Prof. Dr.\u00a0<b>Stefan Esders<\/b>\u00a0(B-1-3)\u00a0 (FU Berlin), Althistoriker.<\/li>\n<li>Prof. Dra.<b>Victoria Sandoval Parra<\/b>,<b>\u00a0<\/b>(Universit\u00e4t Murcia), Rechtshistoriker.<\/li>\n<li>Prof. Dr.\u00a0<b>Magdalena Martinez Almira,\u00a0<\/b>(Universit\u00e4t Alicante), Rechtshistoriker.<\/li>\n<li>Prof. Dra.\u00a0<b>Emma Montanos Ferr\u00edn:<\/b>\u00a0(Universit\u00e4t La Coru\u00f1a), Rechtshistoriker.<\/li>\n<li>Dra.\u00a0<b>Yolanda Quesada Morillas<\/b>\u00a0(B-1-2):\u00a0(FU Berlin), Rechtshistorikerin.<\/li>\n<li>Prof. Dr.\u00a0<b>Ignacio Czeguhn<\/b>\u00a0(B-1-2)<i>\u00a0<\/i>(FU Berlin) Rechtshistoriker<\/li>\n<li>Drs.\u00a0<b>David Torres Iba\u00f1ez \/ Eva Mart\u00edn L\u00f3pez,\u00a0<\/b>(Archivo de la Real Chanciller\u00eda de Granada), Direktor des Archivs f\u00fcr die Real Chancilleria in Granada.<\/li>\n<li>Prof. Dr.\u00a0<b>Jose Antonio Lopez Nevot,<\/b>\u00a0(Universit\u00e4t Granada), Rechtshistoriker.<\/li>\n<\/ul>\n<p style=\"text-align: center\"><a href=\"http:\/\/www.topoi.org\/\"><img loading=\"lazy\" class=\"aligncenter\" alt=\"logo_topoi\" src=\"https:\/\/wasser-wege-wissen.umh.es\/files\/2014\/03\/logo_topoi.jpg\" width=\"315\" height=\"109\" \/><\/a><\/p>\n<p><\/p>","protected":false},"excerpt":{"rendered":"<p>Prof. Dra.\u00a0Cosima M\u00f6ller\u00a0(B-1-4),\u00a0(FU Berlin), Romanistin.<br \/>\nProf. Dr.\u00a0Francisco Beltran Lloriz,\u00a0(Universit\u00e4t Zaragoza), Althistoriker.<br \/>\nDr.\u00a0Manfred G. Schmidt\u00a0(B-1-5),\u00a0\u00a0\u00a0(BBAW), Althistoriker<br \/>\nProf. Dr.\u00a0Pepa Castillo Pascual,\u00a0\u00a0(Universit\u00e4t La Rioja), Althistoriker.<br \/>\nD.\u00a0Hans Kopp\u00a0(B-1-1):\u00a0(FU Berlin), Doktorand Alte Geschichte.<br \/>\nD.\u00a0Christoph Resch\u00a0(A-3-4)\u00a0\u00a0(FU Berl\u00edn)<br \/>\nD.\u00a0Jonas Berking\u00a0(A-3) \/\u00a0Brian Beckers\u00a0(A-3),\u00a0(FU Berlin), Geographische Wissenschaften.<br \/>\nProf. Dr.\u00a0Antonio Malpica Cuello,\u00a0(Universit\u00e4t Granada), Medi\u00e4vist.<br \/>\nProf. Dr.\u00a0Jos\u00e9 Antonio P\u00e9rez Juan, (Universit\u00e4t Elche), Rechtshistoriker.<br \/>\nProfs. Drs.\u00a0Alberto Garc\u00eda Porras \/ Esteban Fern\u00e1ndez Navarro,\u00a0(Universit\u00e4t Granada), Kunsthistoriker.<br \/>\nProf. Dr.\u00a0Enric Guinot [&#8230;]<\/p>\n","protected":false},"author":50,"featured_media":0,"parent":47,"menu_order":10,"comment_status":"closed","ping_status":"open","template":"","meta":{"_links_to":"","_links_to_target":""},"_links":{"self":[{"href":"https:\/\/wasser-wege-wissen.umh.es\/en\/wp-json\/wp\/v2\/pages\/50"}],"collection":[{"href":"https:\/\/wasser-wege-wissen.umh.es\/en\/wp-json\/wp\/v2\/pages"}],"about":[{"href":"https:\/\/wasser-wege-wissen.umh.es\/en\/wp-json\/wp\/v2\/types\/page"}],"author":[{"embeddable":true,"href":"https:\/\/wasser-wege-wissen.umh.es\/en\/wp-json\/wp\/v2\/users\/50"}],"replies":[{"embeddable":true,"href":"https:\/\/wasser-wege-wissen.umh.es\/en\/wp-json\/wp\/v2\/comments?post=50"}],"version-history":[{"count":0,"href":"https:\/\/wasser-wege-wissen.umh.es\/en\/wp-json\/wp\/v2\/pages\/50\/revisions"}],"up":[{"embeddable":true,"href":"https:\/\/wasser-wege-wissen.umh.es\/en\/wp-json\/wp\/v2\/pages\/47"}],"wp:attachment":[{"href":"https:\/\/wasser-wege-wissen.umh.es\/en\/wp-json\/wp\/v2\/media?parent=50"}],"curies":[{"name":"wp","href":"https:\/\/api.w.org\/{rel}","templated":true}]}}