{"id":5,"date":"2014-02-27T09:28:20","date_gmt":"2014-02-27T09:28:20","guid":{"rendered":"http:\/\/wasser-wege-wissen.zeus.umh.es\/presentacion\/"},"modified":"2017-01-25T08:27:38","modified_gmt":"2017-01-25T08:27:38","slug":"presentacion","status":"publish","type":"page","link":"https:\/\/wasser-wege-wissen.umh.es\/en\/","title":{"rendered":"Presentation"},"content":{"rendered":"<p><a href=\"https:\/\/wasser-wege-wissen.umh.es\/files\/2014\/03\/Pu\u00e7ol-081.jpg\"><img loading=\"lazy\" class=\"alignleft size-medium wp-image-20\" src=\"https:\/\/wasser-wege-wissen.umh.es\/files\/2014\/03\/Pu\u00e7ol-081-225x300.jpg\" alt=\"Pu\u00e7ol 081\" width=\"225\" height=\"300\" srcset=\"https:\/\/wasser-wege-wissen.umh.es\/files\/2014\/03\/Pu\u00e7ol-081-225x300.jpg 225w, https:\/\/wasser-wege-wissen.umh.es\/files\/2014\/03\/Pu\u00e7ol-081-768x1024.jpg 768w\" sizes=\"(max-width: 225px) 100vw, 225px\" \/><\/a><\/p>\n<p style=\"text-align: justify\">The group TOPOI \u00ab<strong><a href=\"http:\/\/www.topoi.org\/\">The Formation and Transformation of Space and Knowledge in Ancient Civilizations<\/a><\/strong>\u00bb is financed for Excellence Research Projects by the Federal Republic of Germany. The TOPOI project involves, among other scientific institutions, the Free University of Berlin, Humboldt University of Berlin and the Berlin-Brandenburg Academy of Sciences and the German Archaeological Institute. Similarly, research centers of Asia, North Africa and America are involved. The TOPOI research team brings together researchers from various fields: Archeology, Law, History, Anthropology, Architecture and Engineering.<\/p>\n<p style=\"text-align: justify\">\u00a0The TOPOI project involves not only the publication of monographs and specialized studies of the management of water resources in the Ancient civilizations, but also promote the organization of international scientific meetings, in conjuntion with,\u00a0<a href=\"http:\/\/www.topoi.org\/group\/b-1\/\">Section B-1 (Routes-Water-Knowledge<\/a>).<\/p>\n<p style=\"text-align: justify\"><span style=\"color: #ffffff\">Texto en blanco para conseguir separaci\u00f3n<\/span><\/p>\n<p style=\"text-align: justify\">There have been two international conferences:<\/p>\n<ul>\n<li style=\"text-align: justify\"><strong>I Congreso Internacional<\/strong> \u00a0<strong><i><a href=\"https:\/\/wasser-wege-wissen.umh.es\/en\/i-congreso-wasser-wege-wissen\/\">Wasser\u2013Wege\u2013Wissen auf der iberischen Halbinsel\u00a0vom R\u00f6mischen Imperium bis zur muselmanischen Herrschaft\/\u00a0Agua, v\u00edas, conocimientos en la Pen\u00ednsula Ib\u00e9rica\u00a0desde el Imperio Romano<\/a>, <\/i><\/strong><b><i>\u00a0<\/i><\/b>Elche (Alicante), del\u00a021 al 23 de mayo de 2014 .<\/li>\n<\/ul>\n<ul>\n<li style=\"text-align: justify\"><strong>II Congreso Internacional<\/strong>\u00a0<strong><i><a href=\"https:\/\/wasser-wege-wissen.umh.es\/en\/ii-congreso-wasser-wege-wissen\/\">Wasser\u2013Wege\u2013Wissen auf der iberischen Halbinsel\u00a0vom R\u00f6mischen Imperium bis zur muselmanischen Herrschaft\/\u00a0Agua, v\u00edas, conocimientos en la Pen\u00ednsula Ib\u00e9rica\u00a0desde el Imperio Romano<\/a>, <\/i><\/strong><b><i>\u00a0<\/i><\/b>Berl\u00edn, del 8 al 12\u00a0de marzo\u00a0de 2016.<\/li>\n<\/ul>\n<hr \/>\n<p style=\"text-align: justify\"><a href=\"http:\/\/www.topoi.org\/\"><img loading=\"lazy\" class=\"aligncenter size-full wp-image-49\" src=\"https:\/\/wasser-wege-wissen.umh.es\/files\/2014\/03\/logo_topoi.jpg\" alt=\"logo_topoi\" width=\"315\" height=\"109\" srcset=\"https:\/\/wasser-wege-wissen.umh.es\/files\/2014\/03\/logo_topoi.jpg 315w, https:\/\/wasser-wege-wissen.umh.es\/files\/2014\/03\/logo_topoi-300x103.jpg 300w\" sizes=\"(max-width: 315px) 100vw, 315px\" \/><\/a><\/p>\n<p><\/p>","protected":false},"excerpt":{"rendered":"<p>P\u00e1gina de presentaci\u00f3n de la unidad organizativa<\/p>\n","protected":false},"author":1,"featured_media":0,"parent":0,"menu_order":10,"comment_status":"closed","ping_status":"open","template":"","meta":{"_links_to":"","_links_to_target":""},"_links":{"self":[{"href":"https:\/\/wasser-wege-wissen.umh.es\/en\/wp-json\/wp\/v2\/pages\/5"}],"collection":[{"href":"https:\/\/wasser-wege-wissen.umh.es\/en\/wp-json\/wp\/v2\/pages"}],"about":[{"href":"https:\/\/wasser-wege-wissen.umh.es\/en\/wp-json\/wp\/v2\/types\/page"}],"author":[{"embeddable":true,"href":"https:\/\/wasser-wege-wissen.umh.es\/en\/wp-json\/wp\/v2\/users\/1"}],"replies":[{"embeddable":true,"href":"https:\/\/wasser-wege-wissen.umh.es\/en\/wp-json\/wp\/v2\/comments?post=5"}],"version-history":[{"count":0,"href":"https:\/\/wasser-wege-wissen.umh.es\/en\/wp-json\/wp\/v2\/pages\/5\/revisions"}],"wp:attachment":[{"href":"https:\/\/wasser-wege-wissen.umh.es\/en\/wp-json\/wp\/v2\/media?parent=5"}],"curies":[{"name":"wp","href":"https:\/\/api.w.org\/{rel}","templated":true}]}}