{"id":21,"date":"2014-03-06T09:10:51","date_gmt":"2014-03-06T09:10:51","guid":{"rendered":"http:\/\/wasser-wege-wissen.umh.es\/?page_id=21"},"modified":"2016-01-12T09:51:52","modified_gmt":"2016-01-12T09:51:52","slug":"programa","status":"publish","type":"page","link":"https:\/\/wasser-wege-wissen.umh.es\/en\/i-congreso-wasser-wege-wissen\/programa\/","title":{"rendered":"Program"},"content":{"rendered":"<p><\/p>\n<p style=\"text-align: justify\" align=\"center\">El Congreso internacional \u00a0<em><strong>Wasser \u2013 Wege \u2013 Wissen auf der iberischen Halbinsel\u00a0vom R\u00f6mischen Imperium bis zur muselmanischen Herrschaft\/\u00a0<\/strong><\/em><strong>Agua, v\u00edas, conocimientos en la Pen\u00ednsula Ib\u00e9rica\u00a0desde el Imperio Romano<\/strong>\u00a0<strong>hasta el poder musulm\u00e1n<\/strong> se celebrar\u00e1 en el <a href=\"http:\/\/elcheconventionbureau.com\/espacios\/congresos\/centre-de-congresos-ciutat-delx\/\">Centro de Congresos ciudad de Elche<\/a> durante los d\u00edas 20 a 23 de mayo de 2014.\u00a0At this meeting the water study will be addressed in the ancient, Roman, Visigoth and Moorish times, analyzing their structural and architectural development as well as their legal status, jurisdiction and economic development, among other issues.<\/p>\n<p style=\"text-align: justify\" align=\"center\"><b><i>\u00a0<\/i><\/b><\/p>\n<p style=\"text-align: justify\" align=\"center\"><a href=\"https:\/\/wasser-wege-wissen.umh.es\/20-de-mayo-bienvenida\/\"><b>20. Mai. Bienvenida a los asistentes<\/b><\/a><\/p>\n<p style=\"text-align: justify\" align=\"center\"><a href=\"https:\/\/wasser-wege-wissen.umh.es\/programa\/21-de-mayo-sesion-inaugural\/\"><b>21. Mai\u00a0Sesi\u00f3n inaugural<\/b><\/a><\/p>\n<p style=\"text-align: justify\" align=\"center\"><b><\/b><a href=\"https:\/\/wasser-wege-wissen.umh.es\/programa\/22-de-mayo-tribunal-de-las-aguas-de-valencia\/\"><b>22. Mai. Tribunal de las Aguas de Valencia<\/b><\/a><\/p>\n<p style=\"text-align: justify\" align=\"center\"><a href=\"https:\/\/wasser-wege-wissen.umh.es\/programa\/23-de-mayo-clausura-y-conclusiones\/\"><b><\/b><b>23. Mai. Clausura y conclusiones<\/b><\/a><\/p>\n<p style=\"text-align: left\" align=\"center\"><strong><strong><a href=\"https:\/\/wasser-wege-wissen.umh.es\/ponentes\/programa-de-actividades\/\">Program activities<\/a><\/strong><\/strong><\/p>\n<p style=\"text-align: center\" align=\"center\"><strong>Organiza:<\/strong><a href=\"http:\/\/www.topoi.org\/\"><img loading=\"lazy\" class=\"aligncenter size-full wp-image-49\" alt=\"logo_topoi\" src=\"https:\/\/wasser-wege-wissen.umh.es\/files\/2014\/03\/logo_topoi.jpg\" width=\"315\" height=\"109\" srcset=\"https:\/\/wasser-wege-wissen.umh.es\/files\/2014\/03\/logo_topoi.jpg 315w, https:\/\/wasser-wege-wissen.umh.es\/files\/2014\/03\/logo_topoi-300x103.jpg 300w\" sizes=\"(max-width: 315px) 100vw, 315px\" \/><\/a><\/p>\n<p style=\"text-align: left\" align=\"center\"><strong>Patrocina: \u00a0 \u00a0 \u00a0 \u00a0 \u00a0 \u00a0 \u00a0 \u00a0 \u00a0 \u00a0 \u00a0 \u00a0 \u00a0 \u00a0 \u00a0 \u00a0 \u00a0 \u00a0 \u00a0 \u00a0 \u00a0 \u00a0 \u00a0 \u00a0 \u00a0 \u00a0 \u00a0 \u00a0 \u00a0 \u00a0 \u00a0 \u00a0 \u00a0 \u00a0 \u00a0 \u00a0 \u00a0 \u00a0 \u00a0 \u00a0 \u00a0 \u00a0 \u00a0 \u00a0 \u00a0 \u00a0 \u00a0 \u00a0 \u00a0 \u00a0 \u00a0 \u00a0 \u00a0 \u00a0 \u00a0 \u00a0 \u00a0 \u00a0 \u00a0 \u00a0 \u00a0 \u00a0 \u00a0 \u00a0 \u00a0 \u00a0 \u00a0 \u00a0 \u00a0 \u00a0 \u00a0 \u00a0 \u00a0 \u00a0 \u00a0 \u00a0 \u00a0 \u00a0 \u00a0 \u00a0 \u00a0 \u00a0 \u00a0 \u00a0 \u00a0 \u00a0 \u00a0 \u00a0 \u00a0 \u00a0 \u00a0 \u00a0 \u00a0 \u00a0 \u00a0 \u00a0 \u00a0 \u00a0 \u00a0 \u00a0 \u00a0 \u00a0 \u00a0 \u00a0 \u00a0 \u00a0 \u00a0 \u00a0 \u00a0 \u00a0 \u00a0 \u00a0 \u00a0 \u00a0 \u00a0 \u00a0 \u00a0 \u00a0 \u00a0 \u00a0 \u00a0 \u00a0 \u00a0 \u00a0 \u00a0 \u00a0 \u00a0 \u00a0 \u00a0 \u00a0 \u00a0 \u00a0 \u00a0 Colaboran:<a href=\"https:\/\/wasser-wege-wissen.umh.es\/files\/2014\/05\/LOGO-acequia_mayor.jpg\"><img loading=\"lazy\" class=\"alignright  wp-image-66\" alt=\"LOGO acequia_mayor\" src=\"https:\/\/wasser-wege-wissen.umh.es\/files\/2014\/05\/LOGO-acequia_mayor-300x239.jpg\" width=\"151\" height=\"120\" srcset=\"https:\/\/wasser-wege-wissen.umh.es\/files\/2014\/05\/LOGO-acequia_mayor-300x239.jpg 300w, https:\/\/wasser-wege-wissen.umh.es\/files\/2014\/05\/LOGO-acequia_mayor.jpg 909w\" sizes=\"(max-width: 151px) 100vw, 151px\" \/><\/a><\/strong><\/p>\n<p align=\"center\"><a href=\"http:\/\/www.diputacionalicante.es\/es\/Paginas\/LaDiputacion.aspx\"><img loading=\"lazy\" class=\"alignleft\" alt=\"logo dipu color\" src=\"https:\/\/wasser-wege-wissen.umh.es\/files\/2014\/04\/logo-dipu-color-300x300.png\" width=\"117\" height=\"117\" \/><\/a><\/p>\n<p align=\"center\"><a href=\"http:\/\/www.tribunaldelasaguas.org\/es\/\"><img loading=\"lazy\" class=\"alignright  wp-image-44\" alt=\"Tribunal aguas\" src=\"https:\/\/wasser-wege-wissen.umh.es\/files\/2014\/03\/Tribunal-aguas-300x297.png\" width=\"83\" height=\"82\" srcset=\"https:\/\/wasser-wege-wissen.umh.es\/files\/2014\/03\/Tribunal-aguas-300x297.png 300w, https:\/\/wasser-wege-wissen.umh.es\/files\/2014\/03\/Tribunal-aguas-150x150.png 150w, https:\/\/wasser-wege-wissen.umh.es\/files\/2014\/03\/Tribunal-aguas.png 315w\" sizes=\"(max-width: 83px) 100vw, 83px\" \/><\/a><a href=\"http:\/\/www.uchceu.es\/\"><img loading=\"lazy\" class=\"alignright\" alt=\"Logo CEU\" src=\"https:\/\/wasser-wege-wissen.umh.es\/files\/2014\/04\/Logo-CEU-300x140.jpg\" width=\"140\" height=\"65\" \/><\/a><a href=\"http:\/\/www.elche.es\/\"><img loading=\"lazy\" class=\"alignright  wp-image-59\" alt=\"Logo Ayto Elche\" src=\"https:\/\/wasser-wege-wissen.umh.es\/files\/2014\/04\/Logo-Ayto-Elche-300x150.jpeg\" width=\"136\" height=\"69\" srcset=\"https:\/\/wasser-wege-wissen.umh.es\/files\/2014\/04\/Logo-Ayto-Elche-300x150.jpeg 300w, https:\/\/wasser-wege-wissen.umh.es\/files\/2014\/04\/Logo-Ayto-Elche.jpeg 316w\" sizes=\"(max-width: 136px) 100vw, 136px\" \/><\/a><\/p>\n<p><\/p>","protected":false},"excerpt":{"rendered":"<p>El Congreso internacional \u00a0Wasser \u2013 Wege \u2013 Wissen auf der iberischen Halbinsel\u00a0vom R\u00f6mischen Imperium bis zur muselmanischen Herrschaft\/\u00a0Agua, v\u00edas, conocimientos en la Pen\u00ednsula Ib\u00e9rica\u00a0desde el Imperio Romano\u00a0hasta el poder musulm\u00e1n se celebrar\u00e1 en el Centro de Congresos ciudad de Elche durante los d\u00edas 20 a 23 de mayo de 2014.\u00a0At this meeting the water study [&#8230;]<\/p>\n","protected":false},"author":50,"featured_media":0,"parent":72,"menu_order":20,"comment_status":"closed","ping_status":"open","template":"","meta":{"_links_to":"","_links_to_target":""},"_links":{"self":[{"href":"https:\/\/wasser-wege-wissen.umh.es\/en\/wp-json\/wp\/v2\/pages\/21"}],"collection":[{"href":"https:\/\/wasser-wege-wissen.umh.es\/en\/wp-json\/wp\/v2\/pages"}],"about":[{"href":"https:\/\/wasser-wege-wissen.umh.es\/en\/wp-json\/wp\/v2\/types\/page"}],"author":[{"embeddable":true,"href":"https:\/\/wasser-wege-wissen.umh.es\/en\/wp-json\/wp\/v2\/users\/50"}],"replies":[{"embeddable":true,"href":"https:\/\/wasser-wege-wissen.umh.es\/en\/wp-json\/wp\/v2\/comments?post=21"}],"version-history":[{"count":0,"href":"https:\/\/wasser-wege-wissen.umh.es\/en\/wp-json\/wp\/v2\/pages\/21\/revisions"}],"up":[{"embeddable":true,"href":"https:\/\/wasser-wege-wissen.umh.es\/en\/wp-json\/wp\/v2\/pages\/72"}],"wp:attachment":[{"href":"https:\/\/wasser-wege-wissen.umh.es\/en\/wp-json\/wp\/v2\/media?parent=21"}],"curies":[{"name":"wp","href":"https:\/\/api.w.org\/{rel}","templated":true}]}}