{"id":24,"date":"2014-03-06T09:15:24","date_gmt":"2014-03-06T09:15:24","guid":{"rendered":"http:\/\/wasser-wege-wissen.umh.es\/?page_id=24"},"modified":"2014-04-03T07:34:45","modified_gmt":"2014-04-03T07:34:45","slug":"22-de-mayo-tribunal-de-las-aguas-de-valencia","status":"publish","type":"page","link":"https:\/\/wasser-wege-wissen.umh.es\/de\/i-congreso-wasser-wege-wissen\/programa\/22-de-mayo-tribunal-de-las-aguas-de-valencia\/","title":{"rendered":"22 mai. Wassergericht von Valencia"},"content":{"rendered":"<p><\/p>\n<p style=\"text-align: justify\"><a href=\"https:\/\/wasser-wege-wissen.umh.es\/files\/2014\/03\/2013-11-07-13.11.35.jpg\"><img loading=\"lazy\" class=\"alignleft size-medium wp-image-27\" alt=\"2013-11-07 13.11.35\" src=\"https:\/\/wasser-wege-wissen.umh.es\/files\/2014\/03\/2013-11-07-13.11.35-300x225.jpg\" width=\"300\" height=\"225\" srcset=\"https:\/\/wasser-wege-wissen.umh.es\/files\/2014\/03\/2013-11-07-13.11.35-300x225.jpg 300w, https:\/\/wasser-wege-wissen.umh.es\/files\/2014\/03\/2013-11-07-13.11.35-1024x768.jpg 1024w\" sizes=\"(max-width: 300px) 100vw, 300px\" \/><\/a><\/p>\n<p style=\"text-align: justify\"><strong>Austragungsort:\u00a0P<a href=\"http:\/\/www.uchceu.es\/universidad\/palacio-colomina\">alacio de Colomina. Universidad Cardenal Herrera-CEU San Pablo<\/a><\/strong><\/p>\n<p style=\"text-align: justify\">8:00h. Fahrt nach Valencia mit Bus \/ Viaje a Valencia en autob\u00fas<\/p>\n<p style=\"text-align: justify\">10:30h. Besuch des Wassergerichts in Valencia, Teilnahme an zwei Gerichtssitzungen \/ Visita al Tribunal de Aguas de Valencia<\/p>\n<p style=\"text-align: justify\">D.<b> Javier Pastor<\/b>,\u00a0<i>Wassergericht \/ Tribunal de Aguas<\/i>\u00a0(Abogado de la Acequia de Mislata y Rascanaya) Anwalt am Wassergericht Valencia.<\/p>\n<p style=\"text-align: justify\">12:00h. Assistance Plenum Wassergericht \/ Asistencia sesi\u00f3n plenaria Tribunal de las Aguas<\/p>\n<p style=\"text-align: justify\">13:30h. Mittagspause \/ Pausa para el almuerzo<\/p>\n<p style=\"text-align: justify\">15:30h. Prof. D.\u00a0<b>Luis Pablo Mart\u00ednez<\/b>,\u00a0<i>Das Wassergericht in Valencia \/ Tribunal Aguas de Valencia<\/i>\u00a0(Historiador y Antrop\u00f3logo) Inspector de Patrimonio Mueble de la Generalitat Valenciana<\/p>\n<p style=\"text-align: justify\">16:00h Prof. Dr.\u00a0<b>Josep Torr\u00f3 Abad<\/b>,\u00a0<i>Landwirtschaftliche Raumregelung in der muselmanischen Zeit im K\u00f6nigreich Valencia \/ Ordenaci\u00f3n\u00a0<\/i><i>del espacio agrario en la \u00e9poca musulmana en Valencia<\/i>\u00a0(Universit\u00e4t Valencia), Medi\u00e4vist.<\/p>\n<p style=\"text-align: justify\">16:30-17:00h. Diskussion \/ Debate<\/p>\n<p style=\"text-align: justify\">F\u00fchrung durch die Aqu\u00e4dukten- und Bew\u00e4sserungssysteme aus der r\u00f6mischen und islamischen Zeit im Landkreis Valencia \/ Visita a los acueductos y sistemas de riego de Valencia.<\/p>\n<p style=\"text-align: justify\">18:30h. R\u00fcckfahrt nach Elche mit Bus \/ Vuelta a Elche en autob\u00fas.<\/p>\n<p style=\"text-align: center\"><strong>Organiza:<\/strong><a href=\"http:\/\/www.topoi.org\/\"><img loading=\"lazy\" class=\"aligncenter size-full wp-image-49\" alt=\"logo_topoi\" src=\"https:\/\/wasser-wege-wissen.umh.es\/files\/2014\/03\/logo_topoi.jpg\" width=\"315\" height=\"109\" srcset=\"https:\/\/wasser-wege-wissen.umh.es\/files\/2014\/03\/logo_topoi.jpg 315w, https:\/\/wasser-wege-wissen.umh.es\/files\/2014\/03\/logo_topoi-300x103.jpg 300w\" sizes=\"(max-width: 315px) 100vw, 315px\" \/><\/a><\/p>\n<p style=\"text-align: right\"><strong>Colaboran:<\/strong><\/p>\n<p><a href=\"http:\/\/www.uchceu.es\/\"><img loading=\"lazy\" class=\"alignright\" alt=\"Logo CEU\" src=\"https:\/\/wasser-wege-wissen.umh.es\/files\/2014\/04\/Logo-CEU-300x140.jpg\" width=\"173\" height=\"81\" \/><\/a><a href=\"http:\/\/www.tribunaldelasaguas.org\/es\/\"><img loading=\"lazy\" class=\"alignright\" alt=\"Tribunal aguas\" src=\"https:\/\/wasser-wege-wissen.umh.es\/files\/2014\/03\/Tribunal-aguas.png\" width=\"85\" height=\"84\" \/><\/a><\/p>\n<p><strong>\u00a0<\/strong><\/p>","protected":false},"excerpt":{"rendered":"<p>Austragungsort:\u00a0Palacio de Colomina. Universidad Cardenal Herrera-CEU San Pablo<br \/>\n8:00h. Fahrt nach Valencia mit Bus \/ Viaje a Valencia en autob\u00fas<br \/>\n10:30h. Besuch des Wassergerichts in Valencia, Teilnahme an zwei Gerichtssitzungen \/ Visita al Tribunal de Aguas de Valencia<br \/>\nD. Javier Pastor,\u00a0Wassergericht \/ Tribunal de Aguas\u00a0(Abogado de la Acequia de Mislata y Rascanaya) Anwalt am Wassergericht Valencia.<br \/>\n12:00h. Assistance Plenum [&#8230;]<\/p>\n","protected":false},"author":50,"featured_media":0,"parent":21,"menu_order":30,"comment_status":"closed","ping_status":"open","template":"","meta":{"_links_to":"","_links_to_target":""},"_links":{"self":[{"href":"https:\/\/wasser-wege-wissen.umh.es\/de\/wp-json\/wp\/v2\/pages\/24"}],"collection":[{"href":"https:\/\/wasser-wege-wissen.umh.es\/de\/wp-json\/wp\/v2\/pages"}],"about":[{"href":"https:\/\/wasser-wege-wissen.umh.es\/de\/wp-json\/wp\/v2\/types\/page"}],"author":[{"embeddable":true,"href":"https:\/\/wasser-wege-wissen.umh.es\/de\/wp-json\/wp\/v2\/users\/50"}],"replies":[{"embeddable":true,"href":"https:\/\/wasser-wege-wissen.umh.es\/de\/wp-json\/wp\/v2\/comments?post=24"}],"version-history":[{"count":0,"href":"https:\/\/wasser-wege-wissen.umh.es\/de\/wp-json\/wp\/v2\/pages\/24\/revisions"}],"up":[{"embeddable":true,"href":"https:\/\/wasser-wege-wissen.umh.es\/de\/wp-json\/wp\/v2\/pages\/21"}],"wp:attachment":[{"href":"https:\/\/wasser-wege-wissen.umh.es\/de\/wp-json\/wp\/v2\/media?parent=24"}],"curies":[{"name":"wp","href":"https:\/\/api.w.org\/{rel}","templated":true}]}}