{"id":23,"date":"2014-03-06T09:14:06","date_gmt":"2014-03-06T09:14:06","guid":{"rendered":"http:\/\/wasser-wege-wissen.umh.es\/?page_id=23"},"modified":"2014-05-19T15:15:54","modified_gmt":"2014-05-19T15:15:54","slug":"21-de-mayo-sesion-inaugural","status":"publish","type":"page","link":"https:\/\/wasser-wege-wissen.umh.es\/de\/i-congreso-wasser-wege-wissen\/programa\/21-de-mayo-sesion-inaugural\/","title":{"rendered":"21 mai. Er\u00f6ffnungssitzung"},"content":{"rendered":"<p><img loading=\"lazy\" class=\"alignleft size-full wp-image-29\" alt=\"Acequia Granada\" src=\"https:\/\/wasser-wege-wissen.umh.es\/files\/2014\/03\/Acequia-Granada.jpg\" width=\"288\" height=\"217\" \/><strong>Austragungsort: <a href=\"http:\/\/www.visitelche.com\/turismo-negocios\/elche\/palacios-y-centros-de-congresos\/centro-de-congresos\/\">Centro de Congresos &#8222;Ciutat d&#8217;Elx&#8220;<\/a><\/strong><\/p>\n<p>9:15h. Er\u00f6ffnung \/ Inauguraci\u00f3n<\/p>\n<p>9:30h. Prof. Dra.\u00a0<b>Cosima M\u00f6ller<\/b>\u00a0(B-1-4):\u00a0<i>Elemente des r\u00f6mischen Wasserrechts \u2013 lex und natura, servitus und vetustas \/ Elementos del derecho de aguas romano &#8211; lex y natura, servitus y vetustas<\/i>\u00a0(FU Berlin), Romanistin.<\/p>\n<p>10:00h. Prof. Dr.\u00a0<b>Francisco Beltran Lloriz<\/b>:\u00a0<i>Bew\u00e4sserung im r\u00f6mischen Hispanien (1. Jh. vor Chr.-2. Jh. nach Chr) \/ La irrigaci\u00f3n en la Hispania romana (S.I a.C &#8211; S. II d.C)<\/i>\u00a0(Universit\u00e4t Zaragoza), Althistoriker.<\/p>\n<p>10:30h. Dr.\u00a0<b>Manfred G. Schmidt<\/b>\u00a0(B-1-5):\u00a0<i>Der Baetis im Transportsystem der Provinz Baetica \/\u00a0<\/i><i>El\u00a0B\u00e6tis\u00a0en el sistema de\u00a0transporte de\u00a0la B\u00e9tica\u00a0<\/i>\u00a0(BBAW), Althistoriker<\/p>\n<p>11:00h Diskussion \/ Debate<\/p>\n<p>11:30h. Kaffee \/ Caf\u00e9<\/p>\n<p>12:00h. Prof. Dr.\u00a0<b>Pepa Castillo Pascual:\u00a0<\/b><i>R\u00edos y calzadas en el valle del Ebro \/ Fl\u00fcssen und Strassen an Ebro Tal<\/i>\u00a0 (Universit\u00e4t La Rioja), Althistoriker.<\/p>\n<p>12:30h.\u00a0<b>Hans Kopp<\/b>\u00a0(B-1-1):\u00a0<i>Fluid boundaries? The Pillars of Hercules and Roman maritime orientation\/ \u00bfFronteras fluidas? Los pilares de Herkules y la orientacion maritima<br \/>\nromana\u00a0<\/i>\u00a0(FU Berlin), Doktorand Alte Geschichte.<\/p>\n<p><b>Christoph Resch<\/b>\u00a0(A-3-4) Poster:\u00a0<i>Wassermanagement im r\u00f6mischen Privatrecht &#8211; Ein Datenbankprojekt\u00a0 \/ La gesti\u00f3n de agua en derecho romano privado &#8211; un proyecto de base de datos\u00a0<\/i>(FU Berl\u00edn)<\/p>\n<p>13:00h. Diskussion \/ Debate<\/p>\n<p>13:30h. Mittagspause \/ Pausa para el almuerzo<\/p>\n<p>16:00h. Drs.\u00a0<b>Jonas Berking<\/b>\u00a0(A-3) \/\u00a0<b>Brian Beckers<\/b>\u00a0(A-3):\u00a0<i>Traditional water works in the Rio Guadalentin catchment.\u00a0<\/i><i>Cause and effect of persistent watermanagement structures in upper Andaluc\u00eda \/ Abastecimiento de agua tradicional en la cuenca de R\u00edo Guadalent\u00edn. Causa y efecto de las estructuras de gesti\u00f3n del agua persistentes en la parte superior Andaluc\u00eda\u00a0<\/i>(FU Berlin), Geographische Wissenschaften.<\/p>\n<p>16:30h. Prof. Dr.\u00a0<b>Antonio Malpica Cuello<\/b>:\u00a0<i>Wasser in der Landwirtschaft &#8211;\u00a0 andalusische Land\u00f6konomie zur Zeit der muselmanischen Herrschaft \/ El agua en la agricultura: econom\u00eda rural andalus\u00ed\u00a0<\/i>(Universit\u00e4t Granada), Medi\u00e4vist.<\/p>\n<p>17:00h.\u00a0Profs. Drs.\u00a0<strong><b>Alberto Garc\u00eda Porras \/ Esteban Fern\u00e1ndez Navarro:\u00a0<\/b><\/strong>S<i>panisch-muselmanische Keramik mit Bezug zu Wasser\/ La cer\u00e1mica del agua hispano-musulmana\u00a0(Universit\u00e4t Granada), Kunsthistoriker.\u00a0Moderieren:\u00a0<\/i>Prof. Dr. <strong>Jos\u00e9 Antonio P\u00e9rez Juan<\/strong>\u00a0(Universidad Miguel Hern\u00e1ndez de Elche).<\/p>\n<p>17:30h. Prof. Dr.\u00a0<b>Enric Guinot I Rodr\u00edguez<\/b>,\u00a0<i>Wassermanagement und bew\u00e4ssert Landschaften in der sp\u00e4tmittelalterlichen Valencia \/ La gesti\u00f3n del agua y los paisajes irrigados en la Valencia bajo medieval<\/i><i>\u00a0<\/i>(Universit\u00e4t Valencia), Medi\u00e4vist.<\/p>\n<p>18:00h. Diskussion \/ Debate<\/p>\n<p><a href=\"http:\/\/www.topoi.org\/\"><img loading=\"lazy\" class=\"aligncenter size-full wp-image-49\" alt=\"logo_topoi\" src=\"https:\/\/wasser-wege-wissen.umh.es\/files\/2014\/03\/logo_topoi.jpg\" width=\"315\" height=\"109\" srcset=\"https:\/\/wasser-wege-wissen.umh.es\/files\/2014\/03\/logo_topoi.jpg 315w, https:\/\/wasser-wege-wissen.umh.es\/files\/2014\/03\/logo_topoi-300x103.jpg 300w\" sizes=\"(max-width: 315px) 100vw, 315px\" \/><\/a><\/p>","protected":false},"excerpt":{"rendered":"<p>Austragungsort: Centro de Congresos &#8222;Ciutat d&#8217;Elx&#8220;<br \/>\n9:15h. Er\u00f6ffnung \/ Inauguraci\u00f3n<br \/>\n9:30h. Prof. Dra.\u00a0Cosima M\u00f6ller\u00a0(B-1-4):\u00a0Elemente des r\u00f6mischen Wasserrechts \u2013 lex und natura, servitus und vetustas \/ Elementos del derecho de aguas romano &#8211; lex y natura, servitus y vetustas\u00a0(FU Berlin), Romanistin.<br \/>\n10:00h. Prof. Dr.\u00a0Francisco Beltran Lloriz:\u00a0Bew\u00e4sserung im r\u00f6mischen Hispanien (1. Jh. vor Chr.-2. Jh. nach Chr) \/ La irrigaci\u00f3n [&#8230;]<\/p>\n","protected":false},"author":50,"featured_media":0,"parent":21,"menu_order":20,"comment_status":"closed","ping_status":"open","template":"","meta":{"_links_to":"","_links_to_target":""},"_links":{"self":[{"href":"https:\/\/wasser-wege-wissen.umh.es\/de\/wp-json\/wp\/v2\/pages\/23"}],"collection":[{"href":"https:\/\/wasser-wege-wissen.umh.es\/de\/wp-json\/wp\/v2\/pages"}],"about":[{"href":"https:\/\/wasser-wege-wissen.umh.es\/de\/wp-json\/wp\/v2\/types\/page"}],"author":[{"embeddable":true,"href":"https:\/\/wasser-wege-wissen.umh.es\/de\/wp-json\/wp\/v2\/users\/50"}],"replies":[{"embeddable":true,"href":"https:\/\/wasser-wege-wissen.umh.es\/de\/wp-json\/wp\/v2\/comments?post=23"}],"version-history":[{"count":0,"href":"https:\/\/wasser-wege-wissen.umh.es\/de\/wp-json\/wp\/v2\/pages\/23\/revisions"}],"up":[{"embeddable":true,"href":"https:\/\/wasser-wege-wissen.umh.es\/de\/wp-json\/wp\/v2\/pages\/21"}],"wp:attachment":[{"href":"https:\/\/wasser-wege-wissen.umh.es\/de\/wp-json\/wp\/v2\/media?parent=23"}],"curies":[{"name":"wp","href":"https:\/\/api.w.org\/{rel}","templated":true}]}}